{"id":31,"date":"2013-09-15T00:53:00","date_gmt":"2013-09-15T03:53:00","guid":{"rendered":"http:\/\/miguelfaccio.com.br\/blog\/?page_id=31"},"modified":"2023-01-15T11:28:14","modified_gmt":"2023-01-15T14:28:14","slug":"pensamentos-lancados-ao-vento","status":"publish","type":"page","link":"https:\/\/www.miguelfaccio.com.br\/blog\/index.php\/pensamentos-lancados-ao-vento\/","title":{"rendered":"Pensamentos Lan\u00e7ados Vento"},"content":{"rendered":"\n<p style=\"text-align: center;\"><strong>SINOPSE<\/strong><\/p>\n<p>O conte\u00fado desta obra \u00e9 o resultado do extravasamento do conhecimento que estava imerso dentro de meu consciente e em meu inconsciente. A obrigatoriedade imposta pela Terapeuta Beatriz para que fizesse medita\u00e7\u00e3o e um di\u00e1rio, resultou nesta obra. Muito daquilo que este livro cont\u00e9m \u00e9 tamb\u00e9m conhecimento adquirido em leituras feitas durante esta minha caminhada terrena. A busca pelo conhecimento, especialmente da vida ap\u00f3s a vida, empolgou-me e me d\u00e1 el\u00e3 constante no aprofundamento e aplica\u00e7\u00e3o dos conhecimentos adquiridos. Partilha isso com teu ser espiritual, e, leva tamb\u00e9m a todos aqueles que buscam o seu pr\u00f3prio desenvolvimento espiritual.<\/p>\n\n<a href=\"http:\/\/www.miguelfaccio.com.br\/blog\/index.php\/category\/pensamentoslancadosaovento\/plv01\/\"><img loading=\"lazy\" width=\"190\" height=\"300\" class=\"size-medium wp-image-110\" src=\"http:\/\/www.miguelfaccio.com.br\/blog\/wp-content\/uploads\/2013\/09\/pensamentos_lancados_ao_vento_01-190x300.jpg\" alt=\"Capa do Livro Pensamentos Lan\u00e7ados ao Vento - Livro 01\"><\/a> \n<a href=\"http:\/\/www.miguelfaccio.com.br\/blog\/index.php\/category\/pensamentoslancadosaovento\/plv02\/\"><img loading=\"lazy\" width=\"190\" height=\"300\" class=\"size-medium wp-image-110\" src=\"http:\/\/www.miguelfaccio.com.br\/blog\/wp-content\/uploads\/2013\/09\/pensamentos_lancados_ao_vento_02-189x300.jpg\" alt=\"Capa do Livro Pensamentos Lan\u00e7ados ao Vento - Livro 02\" srcset=\"https:\/\/www.miguelfaccio.com.br\/blog\/wp-content\/uploads\/2013\/09\/pensamentos_lancados_ao_vento_02-648x1024.jpg 648w, https:\/\/www.miguelfaccio.com.br\/blog\/wp-content\/uploads\/2013\/09\/pensamentos_lancados_ao_vento_02.jpg 828w\" sizes=\"(max-width: 190px) 100vw, 190px\" \/><\/a> \n<a href=\"http:\/\/www.miguelfaccio.com.br\/blog\/index.php\/category\/pensamentoslancadosaovento\/plv03\/\"><img loading=\"lazy\" width=\"190\" height=\"300\" class=\"size-medium wp-image-110\" src=\"http:\/\/www.miguelfaccio.com.br\/blog\/wp-content\/uploads\/2013\/10\/pensamentos_lancados_ao_vento_03.jpg\" alt=\"Capa do Livro Pensamentos Lan\u00e7ados ao Vento - Livro 03\"><\/a> \n<a href=\"http:\/\/www.miguelfaccio.com.br\/blog\/index.php\/category\/pensamentoslancadosaovento\/plv04\/\"><img loading=\"lazy\" width=\"190\" height=\"300\" class=\"size-medium wp-image-110\" src=\"http:\/\/www.miguelfaccio.com.br\/blog\/wp-content\/uploads\/2014\/01\/pensamentos_lancados_ao_vento_04.jpg\" alt=\"Capa do Livro Pensamentos Lan\u00e7ados ao Vento - Livro 04\"><\/a> \n<a href=\"http:\/\/www.miguelfaccio.com.br\/blog\/index.php\/category\/pensamentoslancadosaovento\/plv05\/\"><img loading=\"lazy\" width=\"190\" height=\"300\" class=\"size-medium wp-image-110\" src=\"http:\/\/www.miguelfaccio.com.br\/blog\/wp-content\/uploads\/2016\/04\/Capa_Pensamentos_Lancados_ao_Vento_frente_5.jpg\" alt=\"Capa do Livro Pensamentos Lan\u00e7ados ao Vento - Livro 05\"><\/a> \n<a href=\"http:\/\/www.miguelfaccio.com.br\/blog\/index.php\/category\/pensamentoslancadosaovento\/plv06\/\"><img loading=\"lazy\" width=\"190\" height=\"300\" class=\"size-medium wp-image-110\" src=\"http:\/\/www.miguelfaccio.com.br\/blog\/wp-content\/uploads\/2014\/12\/Capa_Pensamentos_Lancados_ao_Vento6a.jpg\" alt=\"Capa do Livro Pensamentos Lan\u00e7ados ao Vento - Livro 06\"><\/a> \n<a href=\"http:\/\/www.miguelfaccio.com.br\/blog\/index.php\/category\/pensamentoslancadosaovento\/plv07\/\"><img loading=\"lazy\" width=\"190\" height=\"300\" class=\"size-medium wp-image-110\" src=\"http:\/\/www.miguelfaccio.com.br\/blog\/wp-content\/uploads\/2016\/04\/Capa_Pensamentos_Lancados_ao_Vento_frente_7.jpg\" alt=\"Capa do Livro Pensamentos Lan\u00e7ados ao Vento - Livro 07\"><\/a> \n<a href=\"http:\/\/www.miguelfaccio.com.br\/blog\/index.php\/category\/pensamentoslancadosaovento\/plv08\/\"><img loading=\"lazy\" width=\"190\" height=\"300\" class=\"size-medium wp-image-110\" src=\"http:\/\/www.miguelfaccio.com.br\/blog\/wp-content\/uploads\/2016\/04\/Capa_Pensamentos_Lancados_ao_Vento_frente_8.jpg\" alt=\"Capa do Livro Pensamentos Lan\u00e7ados ao Vento - Livro 08\"><\/a> \n<a href=\"http:\/\/www.miguelfaccio.com.br\/blog\/index.php\/category\/pensamentoslancadosaovento\/plv09\/\"><img loading=\"lazy\" width=\"190\" height=\"300\" class=\"size-medium wp-image-110\" src=\"http:\/\/www.miguelfaccio.com.br\/blog\/wp-content\/uploads\/2016\/04\/Capa_Pensamentos_Lancados_ao_Vento_frente_9.jpg\" alt=\"Capa do Livro Pensamentos Lan\u00e7ados ao Vento - Livro 09\"><\/a> \n<a href=\"http:\/\/www.miguelfaccio.com.br\/blog\/index.php\/category\/pensamentoslancadosaovento\/plv10\/\"><img loading=\"lazy\" width=\"190\" height=\"300\" class=\"size-medium wp-image-110\" src=\"http:\/\/www.miguelfaccio.com.br\/blog\/wp-content\/uploads\/2016\/04\/Capa-Pensamentos_Lan\u00e7ados_ao_Vento_frente_10.jpg\" alt=\"Capa do Livro Pensamentos Lan\u00e7ados ao Vento - Livro 10\"><\/a> \n<a href=\"http:\/\/www.miguelfaccio.com.br\/blog\/index.php\/category\/pensamentoslancadosaovento\/plv11\/\"><img loading=\"lazy\" width=\"190\" height=\"300\" class=\"size-medium wp-image-110\" src=\"http:\/\/www.miguelfaccio.com.br\/blog\/wp-content\/uploads\/2016\/06\/Capa_Pensamentos_Lancados_ao_Vento11frente.jpg\" alt=\"Capa do Livro Pensamentos Lan\u00e7ados ao Vento - Livro 11\"><\/a> \n<a href=\"http:\/\/www.miguelfaccio.com.br\/blog\/index.php\/category\/pensamentoslancadosaovento\/plv12\/\"><img loading=\"lazy\" width=\"190\" height=\"300\" class=\"size-medium wp-image-110\" src=\"http:\/\/www.miguelfaccio.com.br\/blog\/wp-content\/uploads\/2016\/09\/Capa_Pensamentos_Lancados_ao_Vento_frente_12.jpg\" alt=\"Capa do Livro Pensamentos Lan\u00e7ados ao Vento - Livro 12\"><\/a> \n<a href=\"http:\/\/www.miguelfaccio.com.br\/blog\/index.php\/category\/pensamentoslancadosaovento\/plv13\/\"><img loading=\"lazy\" width=\"190\" height=\"300\" class=\"size-medium wp-image-110\" src=\"http:\/\/www.miguelfaccio.com.br\/blog\/wp-content\/uploads\/2016\/11\/Capa_Pensamentos_Lancados_ao_Vento13frente.jpg\" alt=\"Capa do Livro Pensamentos Lan\u00e7ados ao Vento - Livro 13\"><\/a> \n<a href=\"http:\/\/www.miguelfaccio.com.br\/blog\/index.php\/category\/pensamentoslancadosaovento\/plv14\/\"><img loading=\"lazy\" width=\"190\" height=\"300\" class=\"size-medium wp-image-110\" src=\"http:\/\/www.miguelfaccio.com.br\/blog\/wp-content\/uploads\/2017\/05\/Capa_Pensamentos_Lancados_ao_Vento_frente14-1.jpg\" alt=\"Capa do Livro Pensamentos Lan\u00e7ados ao Vento - Livro 14\"><\/a> \n<a href=\"http:\/\/www.miguelfaccio.com.br\/blog\/index.php\/category\/pensamentoslancadosaovento\/plv15\/\"><img loading=\"lazy\" width=\"190\" height=\"300\" class=\"size-medium wp-image-110\" src=\"http:\/\/www.miguelfaccio.com.br\/blog\/wp-content\/uploads\/2017\/09\/Capa_Pensamentos_Lancados_ao_Vento_frente15.jpg\" alt=\"Capa do Livro Pensamentos Lan\u00e7ados ao Vento - Livro 15\"><\/a> \n<a href=\"http:\/\/www.miguelfaccio.com.br\/blog\/index.php\/category\/pensamentoslancadosaovento\/plv16\/\"><img loading=\"lazy\" width=\"190\" height=\"300\" class=\"size-medium wp-image-110\" src=\"http:\/\/www.miguelfaccio.com.br\/blog\/wp-content\/uploads\/2018\/05\/Capa_Pensamentos_Lancados_ao_Vento_frente16.jpg\" alt=\"Capa do Livro Pensamentos Lan\u00e7ados ao Vento - Livro 16\"><\/a> \n<a href=\"http:\/\/www.miguelfaccio.com.br\/blog\/index.php\/category\/pensamentoslancadosaovento\/plv17\/\"><img loading=\"lazy\" width=\"190\" height=\"300\" class=\"size-medium wp-image-110\" src=\"http:\/\/www.miguelfaccio.com.br\/blog\/wp-content\/uploads\/2018\/07\/Capa_Pensamentos_Lancados_ao_Vento_frente17.jpg\" alt=\"Capa do Livro Pensamentos Lan\u00e7ados ao Vento - Livro 17\"><\/a> \n<a href=\"http:\/\/www.miguelfaccio.com.br\/blog\/index.php\/category\/pensamentoslancadosaovento\/plv18\/\"><img loading=\"lazy\" width=\"190\" height=\"300\" class=\"size-medium wp-image-110\" src=\"http:\/\/www.miguelfaccio.com.br\/blog\/wp-content\/uploads\/2019\/02\/Capa_Pensamentos_Lancados_ao_Vento_frente18.jpg\" alt=\"Capa do Livro Pensamentos Lan\u00e7ados ao Vento - Livro 18\"><\/a> \n<a href=\"http:\/\/www.miguelfaccio.com.br\/blog\/index.php\/category\/pensamentoslancadosaovento\/plv19\/\"><img loading=\"lazy\" width=\"190\" height=\"300\" class=\"size-medium wp-image-110\" src=\"http:\/\/www.miguelfaccio.com.br\/blog\/wp-content\/uploads\/2019\/02\/Capa_Pensamentos_Lancados_ao_Vento_frente19.jpg\" alt=\"Capa do Livro Pensamentos Lan\u00e7ados ao Vento - Livro 19\"><\/a> \n<a href=\"http:\/\/www.miguelfaccio.com.br\/blog\/index.php\/category\/pensamentoslancadosaovento\/plv20\/\"><img loading=\"lazy\" width=\"190\" height=\"300\" class=\"size-medium wp-image-110\" src=\"https:\/\/www.miguelfaccio.com.br\/blog\/wp-content\/uploads\/2020\/04\/Capa_Pensamentos_Lancados_ao_Vento_frente_20.jpg\" alt=\"Capa do Livro Pensamentos Lan\u00e7ados ao Vento - Livro 20\"><\/a> \n<a href=\"http:\/\/www.miguelfaccio.com.br\/blog\/index.php\/category\/pensamentoslancadosaovento\/plv21\/\"><img loading=\"lazy\" width=\"190\" height=\"300\" class=\"size-medium wp-image-110\" src=\"https:\/\/www.miguelfaccio.com.br\/blog\/wp-content\/uploads\/2021\/04\/Capa_Pensamentos_Lancados_ao_Vento_frente-21.jpg\" alt=\"Capa do Livro Pensamentos Lan\u00e7ados ao Vento - Livro 21\"><\/a> \n<a href=\"http:\/\/www.miguelfaccio.com.br\/blog\/index.php\/category\/pensamentoslancadosaovento\/plv22\/\"><img loading=\"lazy\" width=\"190\" height=\"300\" class=\"size-medium wp-image-110\" src=\"https:\/\/www.miguelfaccio.com.br\/blog\/wp-content\/uploads\/2022\/04\/Capa_Pensamentos_Lancados_ao_Vento_frente22.jpg\" alt=\"Capa do Livro Pensamentos Lan\u00e7ados ao Vento - Livro 22\"><\/a> \n<a href=\"http:\/\/www.miguelfaccio.com.br\/blog\/index.php\/category\/pensamentoslancadosaovento\/plv23\/\"><img loading=\"lazy\" width=\"190\" height=\"300\" class=\"size-medium wp-image-110\" src=\"https:\/\/www.miguelfaccio.com.br\/blog\/wp-content\/uploads\/2022\/04\/Capa_Pensamentos_Lancados_ao_Vento_frente23.jpg\" alt=\"Capa do Livro Pensamentos Lan\u00e7ados ao Vento - Livro 23\"><\/a> \n<a href=\"http:\/\/www.miguelfaccio.com.br\/blog\/index.php\/category\/pensamentoslancadosaovento\/plv24\/\"><img loading=\"lazy\" width=\"190\" height=\"300\" class=\"size-medium wp-image-110\" src=\"https:\/\/www.miguelfaccio.com.br\/blog\/wp-content\/uploads\/2023\/01\/Capa_Pensamentos_Lancados_ao_Vento_frente24.jpg\" alt=\"Capa do Livro Pensamentos Lan\u00e7ados ao Vento - Livro 24\"><\/a> \n<a href=\"http:\/\/www.miguelfaccio.com.br\/blog\/index.php\/category\/pensamentoslancadosaovento\/plv25\/\"><img loading=\"lazy\" width=\"190\" height=\"300\" class=\"size-medium wp-image-110\" src=\"https:\/\/www.miguelfaccio.com.br\/blog\/wp-content\/uploads\/2023\/01\/Capa_Pensamentos_Lancados_ao_Vento_frente25-scaled.jpg\" alt=\"Capa do Livro Pensamentos Lan\u00e7ados ao Vento - Livro 25\"><\/a> \n\n\n\n<p>Links:\n\n<p><a href=\"http:\/\/www.miguelfaccio.com.br\/blog\/?page_id=31\">Aqui no Blog.<\/a><\/p>\n\n<p><a href=\"http:\/\/www.publit.com.br\/autor\/publicacoes\/miguel-arcangelo-faccio\">Todos os livros no Publit<\/a><\/p>\n<p><a rel=\"noopener noreferrer\" href=\"http:\/\/www.publit.com.br\/livraria\/produto\/750\/pensamentos-lancados-ao-vento-1\" target=\"_blank\">Livro Digital no Publit &#8211; Livro 01<\/a><\/p>\n<p><a rel=\"noopener noreferrer\" href=\"http:\/\/www.publit.com.br\/livraria\/produto\/732\/pensamentos-lancados-ao-vento-2\" target=\"_blank\">Livro Digital no Publit &#8211; Livro 02<\/a><\/p>\n<p><a rel=\"noopener noreferrer\" href=\"http:\/\/www.publit.com.br\/livraria\/produto\/733\/pensamentos-lancados-ao-vento-3\" target=\"_blank\">Livro Digital no Publit &#8211; Livro 03<\/a><\/p>\n<p><a rel=\"noopener noreferrer\" href=\"http:\/\/www.publit.com.br\/livraria\/produto\/734\/pensamentos-lancados-ao-vento-4\" target=\"_blank\">Livro Digital no Publit &#8211; Livro 04<\/a><\/p>\n<p><a rel=\"noopener noreferrer\" href=\"http:\/\/www.publit.com.br\/livraria\/produto\/735\/pensamentos-lancados-ao-vento-5\" target=\"_blank\">Livro Digital no Publit &#8211; Livro 05<\/a><\/p>\n<p><a rel=\"noopener noreferrer\" href=\"http:\/\/www.publit.com.br\/livraria\/produto\/736\/pensamentos-lancados-ao-vento-6\" target=\"_blank\">Livro Digital no Publit &#8211; Livro 06<\/a><\/p>\n<p><a rel=\"noopener noreferrer\" href=\"http:\/\/www.publit.com.br\/livraria\/produto\/737\/pensamentos-lancados-ao-vento-7\" target=\"_blank\">Livro Digital no Publit &#8211; Livro 07<\/a><\/p>\n<p><a rel=\"noopener noreferrer\" href=\"http:\/\/www.publit.com.br\/livraria\/produto\/738\/pensamentos-lancados-ao-vento-8\" target=\"_blank\">Livro Digital no Publit &#8211; Livro 08<\/a><\/p>\n<p><a rel=\"noopener noreferrer\" href=\"http:\/\/www.publit.com.br\/livraria\/produto\/739\/pensamentos-lancados-ao-vento-9\" target=\"_blank\">Livro Digital no Publit &#8211; Livro 09<\/a><\/p>\n<p><a rel=\"noopener noreferrer\" href=\"http:\/\/www.publit.com.br\/livraria\/produto\/740\/pensamentos-lancados-ao-vento-10\" target=\"_blank\">Livro Digital no Publit &#8211; Livro 10<\/a><\/p>\n<p><a rel=\"noopener noreferrer\" href=\"http:\/\/www.publit.com.br\/livraria\/produto\/741\/pensamentos-lancados-ao-vento-11\" target=\"_blank\">Livro Digital no Publit &#8211; Livro 11<\/a><\/p>\n<p><a rel=\"noopener noreferrer\" href=\"http:\/\/www.publit.com.br\/livraria\/produto\/742\/pensamentos-lancados-ao-vento-12\" target=\"_blank\">Livro Digital no Publit &#8211; Livro 12<\/a><\/p>\n<p><a rel=\"noopener noreferrer\" href=\"http:\/\/www.publit.com.br\/livraria\/produto\/743\/pensamentos-lancados-ao-vento-13\" target=\"_blank\">Livro Digital no Publit &#8211; Livro 13<\/a><\/p>\n<p><a rel=\"noopener noreferrer\" href=\"http:\/\/www.publit.com.br\/livraria\/produto\/744\/pensamentos-lancados-ao-vento-14\" target=\"_blank\">Livro Digital no Publit &#8211; Livro 14<\/a><\/p>\n<p><a rel=\"noopener noreferrer\" href=\"http:\/\/www.publit.com.br\/livraria\/produto\/745\/pensamentos-lancados-ao-vento-15\" target=\"_blank\">Livro Digital no Publit &#8211; Livro 15<\/a><\/p>\n<p><a rel=\"noopener noreferrer\" href=\"http:\/\/www.publit.com.br\/livraria\/produto\/746\/pensamentos-lancados-ao-vento-16\" target=\"_blank\">Livro Digital no Publit &#8211; Livro 16<\/a><\/p>\n<p><a rel=\"noopener noreferrer\" href=\"http:\/\/www.publit.com.br\/livraria\/produto\/747\/pensamentos-lancados-ao-vento-17\/\" target=\"_blank\">Livro Digital no Publit &#8211; Livro 17<\/a><\/p>\n<p><a rel=\"noopener noreferrer\" href=\"http:\/\/www.publit.com.br\/livraria\/produto\/748\/pensamentos-lancados-ao-vento-18\" target=\"_blank\">Livro Digital no Publit &#8211; Livro 18<\/a><\/p>\n<p><a rel=\"noopener noreferrer\" href=\"http:\/\/www.publit.com.br\/livraria\/produto\/749\/pensamentos-lancados-ao-vento-19\" target=\"_blank\">Livro Digital no Publit &#8211; Livro 19<\/a><\/p>\n<\/p>\n","protected":false},"excerpt":{"rendered":"<p>SINOPSE O conte\u00fado desta obra \u00e9 o resultado do extravasamento do conhecimento que estava imerso dentro de meu consciente e em meu inconsciente. A obrigatoriedade imposta pela Terapeuta Beatriz para que fizesse medita\u00e7\u00e3o e um di\u00e1rio, resultou nesta obra. Muito daquilo que este livro cont\u00e9m \u00e9 tamb\u00e9m conhecimento adquirido em leituras feitas durante esta minha [&hellip;]<\/p>\n","protected":false},"author":1,"featured_media":0,"parent":0,"menu_order":4,"comment_status":"open","ping_status":"closed","template":"","meta":{"_mi_skip_tracking":false},"_links":{"self":[{"href":"https:\/\/www.miguelfaccio.com.br\/blog\/index.php\/wp-json\/wp\/v2\/pages\/31"}],"collection":[{"href":"https:\/\/www.miguelfaccio.com.br\/blog\/index.php\/wp-json\/wp\/v2\/pages"}],"about":[{"href":"https:\/\/www.miguelfaccio.com.br\/blog\/index.php\/wp-json\/wp\/v2\/types\/page"}],"author":[{"embeddable":true,"href":"https:\/\/www.miguelfaccio.com.br\/blog\/index.php\/wp-json\/wp\/v2\/users\/1"}],"replies":[{"embeddable":true,"href":"https:\/\/www.miguelfaccio.com.br\/blog\/index.php\/wp-json\/wp\/v2\/comments?post=31"}],"version-history":[{"count":35,"href":"https:\/\/www.miguelfaccio.com.br\/blog\/index.php\/wp-json\/wp\/v2\/pages\/31\/revisions"}],"predecessor-version":[{"id":15661,"href":"https:\/\/www.miguelfaccio.com.br\/blog\/index.php\/wp-json\/wp\/v2\/pages\/31\/revisions\/15661"}],"wp:attachment":[{"href":"https:\/\/www.miguelfaccio.com.br\/blog\/index.php\/wp-json\/wp\/v2\/media?parent=31"}],"curies":[{"name":"wp","href":"https:\/\/api.w.org\/{rel}","templated":true}]}}