{"id":29,"date":"2013-09-15T00:52:04","date_gmt":"2013-09-15T00:52:04","guid":{"rendered":"http:\/\/miguelfaccio.com.br\/blog\/?page_id=29"},"modified":"2013-09-20T17:38:53","modified_gmt":"2013-09-20T17:38:53","slug":"onipresenca","status":"publish","type":"page","link":"https:\/\/www.miguelfaccio.com.br\/blog\/index.php\/onipresenca\/","title":{"rendered":"Onipresen\u00e7a"},"content":{"rendered":"<p style=\"text-align: center;\"><strong>Sinopse<\/strong><\/p>\n<div id=\"attachment_116\" style=\"width: 203px\" class=\"wp-caption alignnone\"><a href=\"http:\/\/www.miguelfaccio.com.br\/blog\/wp-content\/uploads\/2013\/09\/onipresenca_de_deus.jpg\"><img aria-describedby=\"caption-attachment-116\" loading=\"lazy\" class=\"size-medium wp-image-116\" alt=\"Capa do Livro Onipresen\u00e7a de Deus\" src=\"http:\/\/www.miguelfaccio.com.br\/blog\/wp-content\/uploads\/2013\/09\/onipresenca_de_deus-193x300.jpg\" width=\"193\" height=\"300\" srcset=\"https:\/\/www.miguelfaccio.com.br\/blog\/wp-content\/uploads\/2013\/09\/onipresenca_de_deus-193x300.jpg 193w, https:\/\/www.miguelfaccio.com.br\/blog\/wp-content\/uploads\/2013\/09\/onipresenca_de_deus-661x1024.jpg 661w, https:\/\/www.miguelfaccio.com.br\/blog\/wp-content\/uploads\/2013\/09\/onipresenca_de_deus.jpg 1577w\" sizes=\"(max-width: 193px) 100vw, 193px\" \/><\/a><p id=\"caption-attachment-116\" class=\"wp-caption-text\">Capa do Livro Onipresen\u00e7a de Deus<\/p><\/div>\n<p>As explica\u00e7\u00f5es religiosas, como causa e fim para todas as coisas, sempre foram discutidas das mais diferentes maneiras pela pr\u00f3pria teologia, filosofia, matem\u00e1tica, artes e por outras ci\u00eancias, desde as primitivas civiliza\u00e7\u00f5es a Dan Brown, na contemporaneidade.<\/p>\n<p>O que acontece ao esp\u00edrito humano depois da morte f\u00edsica? Acaba, como pensam os materialistas? Ressuscita, no mesmo corpo reconstitu\u00eddo, como defendem as tr\u00eas religi\u00f5es monote\u00edstas de origem mosaica: juda\u00edsmo, cristianismo e islamismo? Reencarnam em outros corpos?<\/p>\n<p>Em Onipresen\u00e7a de Deus, Miguel Aracangelo Faccio discute as duas \u00faltimas quest\u00f5es. D\u00e1 um entendimento diferenciado \u00e0 primeira: &#8220;N\u00e3o h\u00e1 ressurrei\u00e7\u00e3o do corpo (at\u00e9 porque seria um milagre), mas h\u00e1 ressurrei\u00e7\u00e3o do esp\u00edrito (alma, ess\u00eancia divina).&#8221; E explica o reencarnacionismo como a(s) nova(s) chance(s) que Deus, justo, concede a seus filhos para aperfei\u00e7oarem-se.<\/p>\n<p>Esta obra insere-se dentro do Movimento Nova, ao entender o esp\u00edrito como uma part\u00edcula de Deus dentro de cada um.<\/p>\n<p>Links:<br \/>\n<a href=\"http:\/\/www.miguelfaccio.com.br\/blog\/?page_id=29\">Aqui no Blog.<\/a><br \/>\n<a href=\"http:\/\/www.bookess.com\/read\/17119-bookess-template-14x21-word2007-1\/\" target=\"_blank\">Livro Digital Bookess<\/a><\/p>\n<p>Entrevista Youtube:<br \/>\nConversando com o Autor do Livro: &#8220;Onipresen\u00e7a de Deus&#8221; &#8211; parte 1<br \/>\n<iframe src=\"\/\/www.youtube.com\/embed\/b2CA6ZtTgmM\" height=\"315\" width=\"420\" allowfullscreen=\"\" frameborder=\"0\"><\/iframe><\/p>\n<p>Conversando com o Autor do Livro: &#8220;Onipresen\u00e7a de Deus&#8221; &#8211; parte 2<br \/>\n<iframe src=\"\/\/www.youtube.com\/embed\/vsxJml4ap5w\" height=\"315\" width=\"420\" allowfullscreen=\"\" frameborder=\"0\"><\/iframe><\/p>\n<p>Conversando com o Autor do Livro: &#8220;Onipresen\u00e7a de Deus&#8221; &#8211; parte 3<br \/>\n<iframe src=\"\/\/www.youtube.com\/embed\/71WdD4h00YY\" width=\"420\" height=\"315\" frameborder=\"0\" allowfullscreen=\"\"><\/iframe><\/p>\n<p>Conversando com o Autor do Livro: &#8220;Onipresen\u00e7a de Deus&#8221; &#8211; parte 4<br \/>\n<iframe src=\"\/\/www.youtube.com\/embed\/NCWPMumo3gU\" width=\"420\" height=\"315\" frameborder=\"0\" allowfullscreen=\"\"><\/iframe><\/p>\n","protected":false},"excerpt":{"rendered":"<p>Sinopse As explica\u00e7\u00f5es religiosas, como causa e fim para todas as coisas, sempre foram discutidas das mais diferentes maneiras pela pr\u00f3pria teologia, filosofia, matem\u00e1tica, artes e por outras ci\u00eancias, desde as primitivas civiliza\u00e7\u00f5es a Dan Brown, na contemporaneidade. O que acontece ao esp\u00edrito humano depois da morte f\u00edsica? Acaba, como pensam os materialistas? Ressuscita, no [&hellip;]<\/p>\n","protected":false},"author":1,"featured_media":0,"parent":0,"menu_order":3,"comment_status":"open","ping_status":"closed","template":"","meta":{"_mi_skip_tracking":false},"_links":{"self":[{"href":"https:\/\/www.miguelfaccio.com.br\/blog\/index.php\/wp-json\/wp\/v2\/pages\/29"}],"collection":[{"href":"https:\/\/www.miguelfaccio.com.br\/blog\/index.php\/wp-json\/wp\/v2\/pages"}],"about":[{"href":"https:\/\/www.miguelfaccio.com.br\/blog\/index.php\/wp-json\/wp\/v2\/types\/page"}],"author":[{"embeddable":true,"href":"https:\/\/www.miguelfaccio.com.br\/blog\/index.php\/wp-json\/wp\/v2\/users\/1"}],"replies":[{"embeddable":true,"href":"https:\/\/www.miguelfaccio.com.br\/blog\/index.php\/wp-json\/wp\/v2\/comments?post=29"}],"version-history":[{"count":10,"href":"https:\/\/www.miguelfaccio.com.br\/blog\/index.php\/wp-json\/wp\/v2\/pages\/29\/revisions"}],"predecessor-version":[{"id":222,"href":"https:\/\/www.miguelfaccio.com.br\/blog\/index.php\/wp-json\/wp\/v2\/pages\/29\/revisions\/222"}],"wp:attachment":[{"href":"https:\/\/www.miguelfaccio.com.br\/blog\/index.php\/wp-json\/wp\/v2\/media?parent=29"}],"curies":[{"name":"wp","href":"https:\/\/api.w.org\/{rel}","templated":true}]}}