{"id":25,"date":"2013-09-15T00:50:50","date_gmt":"2013-09-15T00:50:50","guid":{"rendered":"http:\/\/miguelfaccio.com.br\/blog\/?page_id=25"},"modified":"2013-09-18T17:13:46","modified_gmt":"2013-09-18T17:13:46","slug":"raios-divinos","status":"publish","type":"page","link":"https:\/\/www.miguelfaccio.com.br\/blog\/index.php\/raios-divinos\/","title":{"rendered":"Raios Divinos"},"content":{"rendered":"<p style=\"text-align: center;\"><strong>RESUMO<\/strong><\/p>\n<p style=\"text-align: left;\"><a href=\"http:\/\/www.miguelfaccio.com.br\/blog\/wp-content\/uploads\/2013\/09\/raios_chamas_divinos.jpg\"><img loading=\"lazy\" class=\"size-medium wp-image-193\" alt=\"Raios Chamas Divinas\" src=\"http:\/\/www.miguelfaccio.com.br\/blog\/wp-content\/uploads\/2013\/09\/raios_chamas_divinos-300x175.jpg\" width=\"300\" height=\"175\" srcset=\"https:\/\/www.miguelfaccio.com.br\/blog\/wp-content\/uploads\/2013\/09\/raios_chamas_divinos-300x175.jpg 300w, https:\/\/www.miguelfaccio.com.br\/blog\/wp-content\/uploads\/2013\/09\/raios_chamas_divinos-1024x599.jpg 1024w\" sizes=\"(max-width: 300px) 100vw, 300px\" \/><\/a><\/p>\n<p>Posso dizer que tenho boa experi\u00eancia neste assunto, o estudo e apresenta\u00e7\u00e3o de resultados do uso dos Raios ou Chamas.\u00a0N\u00e3o todo o conhecimento. Aos poucos iremos trazendo n\u00e3o somente meus coment\u00e1rios, mas tamb\u00e9m o mesmo assunto ventilado em outros sites. Ao mesmo tempo em que convido a todos os que queiram colaborar com este relativamente novo conhecimento, poder\u00e3o faz\u00ea-lo. Sempre pautado com a seriedade e delicadeza que o assunto merece.Quero tamb\u00e9m aos poucos contar-vos como surgiu o uso das Chamas, em minha vida. Talvez seja um pouco ma\u00e7ante, mas acho de real import\u00e2ncia. Foi algo que teve uma seq\u00fc\u00eancia harm\u00f4nica e maravilhosa.<\/p>\n<p style=\"text-align: left;\">Links:<br \/>\n<a href=\"http:\/\/www.miguelfaccio.com.br\/blog\/?cat=3\">Aqui no Blog.<\/a><br \/>\nN\u00e3o dispon\u00edvel<\/p>\n","protected":false},"excerpt":{"rendered":"<p>RESUMO Posso dizer que tenho boa experi\u00eancia neste assunto, o estudo e apresenta\u00e7\u00e3o de resultados do uso dos Raios ou Chamas.\u00a0N\u00e3o todo o conhecimento. Aos poucos iremos trazendo n\u00e3o somente meus coment\u00e1rios, mas tamb\u00e9m o mesmo assunto ventilado em outros sites. Ao mesmo tempo em que convido a todos os que queiram colaborar com este [&hellip;]<\/p>\n","protected":false},"author":1,"featured_media":0,"parent":0,"menu_order":1,"comment_status":"open","ping_status":"closed","template":"","meta":{"_mi_skip_tracking":false},"_links":{"self":[{"href":"https:\/\/www.miguelfaccio.com.br\/blog\/index.php\/wp-json\/wp\/v2\/pages\/25"}],"collection":[{"href":"https:\/\/www.miguelfaccio.com.br\/blog\/index.php\/wp-json\/wp\/v2\/pages"}],"about":[{"href":"https:\/\/www.miguelfaccio.com.br\/blog\/index.php\/wp-json\/wp\/v2\/types\/page"}],"author":[{"embeddable":true,"href":"https:\/\/www.miguelfaccio.com.br\/blog\/index.php\/wp-json\/wp\/v2\/users\/1"}],"replies":[{"embeddable":true,"href":"https:\/\/www.miguelfaccio.com.br\/blog\/index.php\/wp-json\/wp\/v2\/comments?post=25"}],"version-history":[{"count":11,"href":"https:\/\/www.miguelfaccio.com.br\/blog\/index.php\/wp-json\/wp\/v2\/pages\/25\/revisions"}],"predecessor-version":[{"id":194,"href":"https:\/\/www.miguelfaccio.com.br\/blog\/index.php\/wp-json\/wp\/v2\/pages\/25\/revisions\/194"}],"wp:attachment":[{"href":"https:\/\/www.miguelfaccio.com.br\/blog\/index.php\/wp-json\/wp\/v2\/media?parent=25"}],"curies":[{"name":"wp","href":"https:\/\/api.w.org\/{rel}","templated":true}]}}