{"id":1913,"date":"2014-04-19T23:55:57","date_gmt":"2014-04-19T23:55:57","guid":{"rendered":"http:\/\/www.miguelfaccio.com.br\/blog\/?page_id=1913"},"modified":"2014-04-20T00:01:31","modified_gmt":"2014-04-20T00:01:31","slug":"1913-2","status":"publish","type":"page","link":"https:\/\/www.miguelfaccio.com.br\/blog\/","title":{"rendered":"&#8230;"},"content":{"rendered":"<h2><strong><span style=\"color: #ff0000;\">\u00c0s pessoas que acessam este blog, preciso dizer que para terem uma ideia correta do assunto principal , que leiam e ou\u00e7am os clip de \u00e1udio, especialmente a partir do \u201c<a title=\"RCD021\" href=\"http:\/\/www.miguelfaccio.com.br\/blog\/index.php\/rcd021-raios-ou-chamas-sua-aplicacao-parte-7-2\/\">RCD021<\/a>\u201d ao \u201c<a title=\"RCD102\" href=\"http:\/\/www.miguelfaccio.com.br\/blog\/index.php\/rcd102-raios-ou-chamas-sua-aplicacao-parte-67\/\">RCD102<\/a>&#8220;, onde completamos a apresenta\u00e7\u00e3o das experi\u00eancias de nossas sess\u00f5es de terapia hol\u00edstica. a\u00ed est\u00e1 concentrado o cerne desse novo conhecimento liberado para a humanidade.<\/span><\/strong><\/h2>\n<h2><strong><span style=\"color: #ff0000;\">A partir do \u201c<a title=\"RCD103\" href=\"http:\/\/www.miguelfaccio.com.br\/blog\/index.php\/rcd103-raios-ou-chamas-sua-aplicacao-parte-68\/\">RCD103<\/a>\u201d postamos mensagens diversas.<\/span><\/strong><\/h2>\n","protected":false},"excerpt":{"rendered":"<p>\u00c0s pessoas que acessam este blog, preciso dizer que para terem uma ideia correta do assunto principal , que leiam e ou\u00e7am os clip de \u00e1udio, especialmente a partir do \u201cRCD021\u201d ao \u201cRCD102&#8220;, onde completamos a apresenta\u00e7\u00e3o das experi\u00eancias de nossas sess\u00f5es de terapia hol\u00edstica. a\u00ed est\u00e1 concentrado o cerne desse novo conhecimento liberado para [&hellip;]<\/p>\n","protected":false},"author":1,"featured_media":0,"parent":0,"menu_order":7,"comment_status":"open","ping_status":"open","template":"","meta":{"_mi_skip_tracking":false},"_links":{"self":[{"href":"https:\/\/www.miguelfaccio.com.br\/blog\/index.php\/wp-json\/wp\/v2\/pages\/1913"}],"collection":[{"href":"https:\/\/www.miguelfaccio.com.br\/blog\/index.php\/wp-json\/wp\/v2\/pages"}],"about":[{"href":"https:\/\/www.miguelfaccio.com.br\/blog\/index.php\/wp-json\/wp\/v2\/types\/page"}],"author":[{"embeddable":true,"href":"https:\/\/www.miguelfaccio.com.br\/blog\/index.php\/wp-json\/wp\/v2\/users\/1"}],"replies":[{"embeddable":true,"href":"https:\/\/www.miguelfaccio.com.br\/blog\/index.php\/wp-json\/wp\/v2\/comments?post=1913"}],"version-history":[{"count":2,"href":"https:\/\/www.miguelfaccio.com.br\/blog\/index.php\/wp-json\/wp\/v2\/pages\/1913\/revisions"}],"predecessor-version":[{"id":1915,"href":"https:\/\/www.miguelfaccio.com.br\/blog\/index.php\/wp-json\/wp\/v2\/pages\/1913\/revisions\/1915"}],"wp:attachment":[{"href":"https:\/\/www.miguelfaccio.com.br\/blog\/index.php\/wp-json\/wp\/v2\/media?parent=1913"}],"curies":[{"name":"wp","href":"https:\/\/api.w.org\/{rel}","templated":true}]}}