{"id":15,"date":"2013-09-13T17:00:02","date_gmt":"2013-09-13T20:00:02","guid":{"rendered":"http:\/\/miguelfaccio.com.br\/blog\/?page_id=15"},"modified":"2021-04-11T14:25:25","modified_gmt":"2021-04-11T17:25:25","slug":"quem-sou","status":"publish","type":"page","link":"https:\/\/www.miguelfaccio.com.br\/blog\/index.php\/quem-sou\/","title":{"rendered":"Eu"},"content":{"rendered":"<p>Considero-me especial, como todos os seres humanos; pois todos somos filhos de Deus. Eu diria mais, somos uma parcela da Divindade em um corpo humano para experienciar o conhecimento Divino. Se n\u00e3o fora isso, o que adiantaria a intelig\u00eancia, a l\u00f3gica, o racioc\u00ednio e em fim, todas as capacidades humanas? Dizia Shakespeare: \u201c<span style=\"color: #ff0000;\">Existe muito mais coisa entre o c\u00e9u e a terra do que pensa nossa v\u00e3 filosofia<\/span>\u201d. Eu acrescentaria: \u201c<span style=\"color: #ff0000;\">N\u00e3o desdenhe as verdades dos outros, porque, diante de Deus elas podem ser mais plenas que a tua verdade<\/span>\u201d. O Dalai Lama diz que, \u201c<span style=\"color: #ff0000;\">Ningu\u00e9m det\u00eam a verdade, ela \u00e9 muito grande para caber em nossa cabe\u00e7a, todos possu\u00edmos parcelas de verdade<\/span>\u201d.<\/p>\n<p>Eu estou por ai, tentando buscar a verdade e passando adiante aquilo que descobri e que se incorporou em minha verdade. Ningu\u00e9m \u00e9 obrigado a segui-la, mas, antes de descartar procura conhecer uma pouco tamb\u00e9m, pode ser que ela lhe seja muito \u00fatil um dia, como sei, que foi muito \u00fatil especialmente para aqueles que passaram para a vida ap\u00f3s a vida.<\/p>\n<p>Estou buscando SOLDADOS aguerridos para me ajudarem a levar adiante essa LUZ que h\u00e1 menos de 60 anos era do conhecimento secreto, acess\u00edvel somente \u00e0s Escolas Inici\u00e1ticas. E que h\u00e1 menos de 5 (cinco) anos, inclusive os Mestres de cada dimens\u00e3o espiritual, desconheciam o uso concomitante de no m\u00ednimo 3 dessas LUZES.<\/p>\n<p>Se o teu interesse \u00e9 um pouco mais do que o \u201cterra a terra\u201d, venha conosco; precisamos espalhar essa LUZ, que emanada pelo cora\u00e7\u00e3o do DEUS PAI\/M\u00c3E, mas que somente nos preencher\u00e1 se abrirmos os nossos cora\u00e7\u00f5es e nossas mentes para receb\u00ea-las.<\/p>\n","protected":false},"excerpt":{"rendered":"<p>Considero-me especial, como todos os seres humanos; pois todos somos filhos de Deus. Eu diria mais, somos uma parcela da Divindade em um corpo humano para experienciar o conhecimento Divino. Se n\u00e3o fora isso, o que adiantaria a intelig\u00eancia, a l\u00f3gica, o racioc\u00ednio e em fim, todas as capacidades humanas? Dizia Shakespeare: \u201cExiste muito mais [&hellip;]<\/p>\n","protected":false},"author":1,"featured_media":0,"parent":0,"menu_order":6,"comment_status":"open","ping_status":"closed","template":"","meta":{"_mi_skip_tracking":false},"_links":{"self":[{"href":"https:\/\/www.miguelfaccio.com.br\/blog\/index.php\/wp-json\/wp\/v2\/pages\/15"}],"collection":[{"href":"https:\/\/www.miguelfaccio.com.br\/blog\/index.php\/wp-json\/wp\/v2\/pages"}],"about":[{"href":"https:\/\/www.miguelfaccio.com.br\/blog\/index.php\/wp-json\/wp\/v2\/types\/page"}],"author":[{"embeddable":true,"href":"https:\/\/www.miguelfaccio.com.br\/blog\/index.php\/wp-json\/wp\/v2\/users\/1"}],"replies":[{"embeddable":true,"href":"https:\/\/www.miguelfaccio.com.br\/blog\/index.php\/wp-json\/wp\/v2\/comments?post=15"}],"version-history":[{"count":9,"href":"https:\/\/www.miguelfaccio.com.br\/blog\/index.php\/wp-json\/wp\/v2\/pages\/15\/revisions"}],"predecessor-version":[{"id":12992,"href":"https:\/\/www.miguelfaccio.com.br\/blog\/index.php\/wp-json\/wp\/v2\/pages\/15\/revisions\/12992"}],"wp:attachment":[{"href":"https:\/\/www.miguelfaccio.com.br\/blog\/index.php\/wp-json\/wp\/v2\/media?parent=15"}],"curies":[{"name":"wp","href":"https:\/\/api.w.org\/{rel}","templated":true}]}}